{"id":2192,"date":"2024-07-08T09:09:46","date_gmt":"2024-07-08T09:09:46","guid":{"rendered":"https:\/\/politialocalatargumures.ro\/acte-necesare\/"},"modified":"2024-07-10T09:38:45","modified_gmt":"2024-07-10T09:38:45","slug":"szukseges-iratok","status":"publish","type":"page","link":"https:\/\/politialocalatargumures.ro\/hu\/szukseges-iratok\/","title":{"rendered":"Sz\u00fcks\u00e9ges iratok"},"content":{"rendered":"<div class=\"wpb-content-wrapper\"><p>[vc_row][vc_column][vc_custom_heading text=&#8221;Hum\u00e1n er\u0151forr\u00e1s, fizet\u00e9sek, beszerz\u00e9sek, logisztika \u00e9s archiv\u00e1l\u00e1s szolg\u00e1lat&#8221; font_container=&#8221;tag:h3|text_align:left&#8221; use_theme_fonts=&#8221;yes&#8221;][vc_column_text]<strong>V\u00e9grehajt\u00f3 k\u00f6zhivatalnoki \u00e1ll\u00e1sok bet\u00f6lt\u00e9s\u00e9re hirdetett vizsg\u00e1ra \u00f6ssze\u00e1ll\u00edtott dosszi\u00e9 tartalma:<\/strong><\/p>\n<ol>\n<li><a href=\"https:\/\/politialocalatargumures.ro\/wp-content\/uploads\/2024\/06\/formular_inscriere.pdf\" target=\"_blank\" rel=\"noopener\" download=\"download\">beiratkoz\u00e1si \u0171rlap<\/a> amelyr\u0151l a 121\/2023. sz\u00e1m\u00fa S\u00fcrg\u0151ss\u00e9gi Korm\u00e1nyrendelet VII. cikk\u00e9re utal\u00f3, az ut\u00f3lagosan m\u00f3dos\u00edtott \u00e9s kieg\u00e9sz\u00edtett 57\/2019. sz\u00e1m\u00fa S\u00fcrg\u0151ss\u00e9gi Korm\u00e1nyrendelet 10. Mell\u00e9klete 137. cikke b) pontja rendelkezik;<\/li>\n<li>szem\u00e9lyazonos\u00edt\u00f3 okm\u00e1ny m\u00e1solata;<\/li>\n<li>az illet\u00e9kes hat\u00f3s\u00e1gok \u00e1ltal kibocs\u00e1tott bizony\u00edt\u00f3 okirat m\u00e1solata, amennyiben v\u00e1ltozott a sz\u00fclet\u00e9si bizony\u00edtv\u00e1nyban szerepl\u0151 csal\u00e1di n\u00e9v;<\/li>\n<li>a munkak\u00f6nyv f\u00e9nym\u00e1solata \u00e9s\/vagy a munk\u00e1ltat\u00f3 \u00e1ltal kibocs\u00e1tott <a href=\"https:\/\/politialocalatargumures.ro\/wp-content\/uploads\/2024\/06\/adeverinta.pdf\" target=\"_blank\" rel=\"noopener\" download=\"download\">igazol\u00e1s<\/a> a ledolgozott id\u0151szakra, amely tan\u00fas\u00edtja a szolg\u00e1lati id\u0151t \u00e9s a szaktanulm\u00e1nyokat a bet\u00f6ltend\u0151 \u00e1ll\u00e1shoz\/beoszt\u00e1shoz, adott esetben, e szab\u00e1lyzat rendelkez\u00e9sei szerint;<\/li>\n<li>adott esetben tanulm\u00e1nyi oklevelek vagy ezekkel egyen\u00e9rt\u00e9k\u0171 okiratok, tan\u00fas\u00edtv\u00e1nyok \u00e9s egy\u00e9b, szakk\u00e9pes\u00edt\u00e9seket \u00e9s tov\u00e1bbk\u00e9pz\u00e9seket tan\u00fas\u00edt\u00f3 iratok m\u00e1solata;<\/li>\n<li>azon igazol\u00e1s m\u00e1solata, amely a fizikai er\u0151kifejt\u00e9shez megfelel\u0151 eg\u00e9szs\u00e9gi \u00e1llapotot tan\u00fas\u00edtja, amelyet a vizsga kiv\u00e1laszt\u00e1si szakasz\u00e1nak lebonyol\u00edt\u00e1sa el\u0151tt legt\u00f6bb 6 h\u00f3nappal kor\u00e1bban bocs\u00e1t ki a p\u00e1ly\u00e1z\u00f3 h\u00e1ziorvosa, \u00e9s egy t\u00f6rv\u00e9nyes felt\u00e9telek mellett akkredit\u00e1lt, erre szakosodott egys\u00e9g \u00e1ltal szervezett pszichol\u00f3giai felm\u00e9r\u00e9sr\u0151l sz\u00f3l\u00f3 pszichol\u00f3giai alkalmass\u00e1gi v\u00e9lem\u00e9nyez\u00e9s, amely a t\u00f6rv\u00e9nyi rendelkez\u00e9sek szerint \u00e9rv\u00e9nyes;<\/li>\n<li>azon igazol\u00e1s m\u00e1solata, amely a fizikai er\u0151kifejt\u00e9shez megfelel\u0151 eg\u00e9szs\u00e9gi \u00e1llapotot tan\u00fas\u00edtja azon k\u00f6zhivatalnoki beoszt\u00e1sok eset\u00e9n, amelyek bet\u00f6lt\u00e9s\u00e9hez fizikai er\u0151nl\u00e9tt\u0151l f\u00fcgg\u0151 saj\u00e1tos felt\u00e9telek teljes\u00edt\u00e9se sz\u00fcks\u00e9ges, amelyeket kieg\u00e9sz\u00edt\u0151 vizsga sor\u00e1n m\u00e9rnek fel;<\/li>\n<li>erk\u00f6lcsi bizony\u00edtv\u00e1ny (priusz)<\/li>\n<li>saj\u00e1t felel\u0151ss\u00e9gre adott nyilatkozat \u2013 a beiratkoz\u00e1si nyilatkozat megfelel\u0151 rovat\u00e1nak kit\u00f6lt\u00e9s\u00e9vel, vagy igazol\u00e1s arra vonatkoz\u00f3lag, hogy nem volt a titkosszolg\u00e1lat dolgoz\u00f3ja vagy \u00fcgyn\u00f6ke, a saj\u00e1tos jogszab\u00e1lyokban r\u00f6gz\u00edtett felt\u00e9telek szerint.<\/li>\n<li>saj\u00e1t felel\u0151ss\u00e9gre adott nyilatkozat \u2013 a beiratkoz\u00e1si nyilatkozat megfelel\u0151 rovat\u00e1nak kit\u00f6lt\u00e9s\u00e9vel arra vonatkoz\u00f3lag, hogy az ut\u00f3bbi 3 \u00e9vben az illet\u0151 szem\u00e9lyt nem menesztett\u00e9k \u00e1ll\u00e1s\u00e1b\u00f3l vagy egy\u00e9ni munkaszerz\u0151d\u00e9se nem fegyelmi okokb\u00f3l sz\u0171nt meg.<\/li>\n<\/ol>\n<p><strong>Megjegyz\u00e9s: a fenti iratok m\u00e1solatait hiteles m\u00e1solatokk\u00e9nt kell bemutatni vagy az eredeti okiratok k\u00eds\u00e9ret\u00e9ben; ezeket a vizsgabizotts\u00e1g titk\u00e1ra hiteles\u00edti.<\/strong>[\/vc_column_text][\/vc_column][\/vc_row]<\/p>\n<\/div>","protected":false},"excerpt":{"rendered":"<p>[vc_row][vc_column][vc_custom_heading text=&#8221;Hum\u00e1n er\u0151forr\u00e1s, fizet\u00e9sek, beszerz\u00e9sek, logisztika \u00e9s archiv\u00e1l\u00e1s szolg\u00e1lat&#8221; font_container=&#8221;tag:h3|text_align:left&#8221; use_theme_fonts=&#8221;yes&#8221;][vc_column_text]V\u00e9grehajt\u00f3 k\u00f6zhivatalnoki \u00e1ll\u00e1sok bet\u00f6lt\u00e9s\u00e9re hirdetett vizsg\u00e1ra \u00f6ssze\u00e1ll\u00edtott dosszi\u00e9 tartalma: beiratkoz\u00e1si \u0171rlap amelyr\u0151l a 121\/2023. sz\u00e1m\u00fa S\u00fcrg\u0151ss\u00e9gi Korm\u00e1nyrendelet VII. cikk\u00e9re utal\u00f3, az ut\u00f3lagosan m\u00f3dos\u00edtott \u00e9s kieg\u00e9sz\u00edtett 57\/2019. sz\u00e1m\u00fa S\u00fcrg\u0151ss\u00e9gi Korm\u00e1nyrendelet 10. Mell\u00e9klete 137. cikke b) pontja rendelkezik; szem\u00e9lyazonos\u00edt\u00f3 okm\u00e1ny m\u00e1solata; az illet\u00e9kes hat\u00f3s\u00e1gok \u00e1ltal kibocs\u00e1tott bizony\u00edt\u00f3&hellip;<\/p>\n","protected":false},"author":2,"featured_media":0,"parent":0,"menu_order":0,"comment_status":"closed","ping_status":"closed","template":"","meta":{"footnotes":""},"class_list":["post-2192","page","type-page","status-publish","hentry","description-off"],"yoast_head":"<!-- This site is optimized with the Yoast SEO plugin v24.7 - https:\/\/yoast.com\/wordpress\/plugins\/seo\/ -->\n<title>Sz\u00fcks\u00e9ges iratok - Helyi Rend\u0151rs\u00e9g Marosv\u00e1s\u00e1rhely<\/title>\n<meta name=\"robots\" content=\"index, follow, max-snippet:-1, max-image-preview:large, max-video-preview:-1\" \/>\n<link rel=\"canonical\" href=\"https:\/\/politialocalatargumures.ro\/hu\/szukseges-iratok\/\" \/>\n<meta property=\"og:locale\" content=\"hu_HU\" \/>\n<meta property=\"og:type\" content=\"article\" \/>\n<meta property=\"og:title\" content=\"Sz\u00fcks\u00e9ges iratok - Helyi Rend\u0151rs\u00e9g Marosv\u00e1s\u00e1rhely\" \/>\n<meta property=\"og:description\" content=\"[vc_row][vc_column][vc_custom_heading text=&#8221;Hum\u00e1n er\u0151forr\u00e1s, fizet\u00e9sek, beszerz\u00e9sek, logisztika \u00e9s archiv\u00e1l\u00e1s szolg\u00e1lat&#8221; font_container=&#8221;tag:h3|text_align:left&#8221; use_theme_fonts=&#8221;yes&#8221;][vc_column_text]V\u00e9grehajt\u00f3 k\u00f6zhivatalnoki \u00e1ll\u00e1sok bet\u00f6lt\u00e9s\u00e9re hirdetett vizsg\u00e1ra \u00f6ssze\u00e1ll\u00edtott dosszi\u00e9 tartalma: beiratkoz\u00e1si \u0171rlap amelyr\u0151l a 121\/2023. sz\u00e1m\u00fa S\u00fcrg\u0151ss\u00e9gi Korm\u00e1nyrendelet VII. cikk\u00e9re utal\u00f3, az ut\u00f3lagosan m\u00f3dos\u00edtott \u00e9s kieg\u00e9sz\u00edtett 57\/2019. sz\u00e1m\u00fa S\u00fcrg\u0151ss\u00e9gi Korm\u00e1nyrendelet 10. Mell\u00e9klete 137. cikke b) pontja rendelkezik; szem\u00e9lyazonos\u00edt\u00f3 okm\u00e1ny m\u00e1solata; az illet\u00e9kes hat\u00f3s\u00e1gok \u00e1ltal kibocs\u00e1tott bizony\u00edt\u00f3&hellip;\" \/>\n<meta property=\"og:url\" content=\"https:\/\/politialocalatargumures.ro\/hu\/szukseges-iratok\/\" \/>\n<meta property=\"og:site_name\" content=\"Helyi Rend\u0151rs\u00e9g Marosv\u00e1s\u00e1rhely\" \/>\n<meta property=\"article:modified_time\" content=\"2024-07-10T09:38:45+00:00\" \/>\n<meta name=\"twitter:card\" content=\"summary_large_image\" \/>\n<meta name=\"twitter:label1\" content=\"Becs\u00fclt olvas\u00e1si id\u0151\" \/>\n\t<meta name=\"twitter:data1\" content=\"2 perc\" \/>\n<script type=\"application\/ld+json\" class=\"yoast-schema-graph\">{\"@context\":\"https:\/\/schema.org\",\"@graph\":[{\"@type\":\"WebPage\",\"@id\":\"https:\/\/politialocalatargumures.ro\/hu\/szukseges-iratok\/\",\"url\":\"https:\/\/politialocalatargumures.ro\/hu\/szukseges-iratok\/\",\"name\":\"Sz\u00fcks\u00e9ges iratok - Helyi Rend\u0151rs\u00e9g Marosv\u00e1s\u00e1rhely\",\"isPartOf\":{\"@id\":\"https:\/\/politialocalatargumures.ro\/#website\"},\"datePublished\":\"2024-07-08T09:09:46+00:00\",\"dateModified\":\"2024-07-10T09:38:45+00:00\",\"breadcrumb\":{\"@id\":\"https:\/\/politialocalatargumures.ro\/hu\/szukseges-iratok\/#breadcrumb\"},\"inLanguage\":\"hu\",\"potentialAction\":[{\"@type\":\"ReadAction\",\"target\":[\"https:\/\/politialocalatargumures.ro\/hu\/szukseges-iratok\/\"]}]},{\"@type\":\"BreadcrumbList\",\"@id\":\"https:\/\/politialocalatargumures.ro\/hu\/szukseges-iratok\/#breadcrumb\",\"itemListElement\":[{\"@type\":\"ListItem\",\"position\":1,\"name\":\"Home\",\"item\":\"https:\/\/politialocalatargumures.ro\/hu\/\"},{\"@type\":\"ListItem\",\"position\":2,\"name\":\"Sz\u00fcks\u00e9ges iratok\"}]},{\"@type\":\"WebSite\",\"@id\":\"https:\/\/politialocalatargumures.ro\/#website\",\"url\":\"https:\/\/politialocalatargumures.ro\/\",\"name\":\"Helyi Rend\u0151rs\u00e9g Marosv\u00e1s\u00e1rhely\",\"description\":\"\",\"potentialAction\":[{\"@type\":\"SearchAction\",\"target\":{\"@type\":\"EntryPoint\",\"urlTemplate\":\"https:\/\/politialocalatargumures.ro\/?s={search_term_string}\"},\"query-input\":{\"@type\":\"PropertyValueSpecification\",\"valueRequired\":true,\"valueName\":\"search_term_string\"}}],\"inLanguage\":\"hu\"}]}<\/script>\n<!-- \/ Yoast SEO plugin. -->","yoast_head_json":{"title":"Sz\u00fcks\u00e9ges iratok - Helyi Rend\u0151rs\u00e9g Marosv\u00e1s\u00e1rhely","robots":{"index":"index","follow":"follow","max-snippet":"max-snippet:-1","max-image-preview":"max-image-preview:large","max-video-preview":"max-video-preview:-1"},"canonical":"https:\/\/politialocalatargumures.ro\/hu\/szukseges-iratok\/","og_locale":"hu_HU","og_type":"article","og_title":"Sz\u00fcks\u00e9ges iratok - Helyi Rend\u0151rs\u00e9g Marosv\u00e1s\u00e1rhely","og_description":"[vc_row][vc_column][vc_custom_heading text=&#8221;Hum\u00e1n er\u0151forr\u00e1s, fizet\u00e9sek, beszerz\u00e9sek, logisztika \u00e9s archiv\u00e1l\u00e1s szolg\u00e1lat&#8221; font_container=&#8221;tag:h3|text_align:left&#8221; use_theme_fonts=&#8221;yes&#8221;][vc_column_text]V\u00e9grehajt\u00f3 k\u00f6zhivatalnoki \u00e1ll\u00e1sok bet\u00f6lt\u00e9s\u00e9re hirdetett vizsg\u00e1ra \u00f6ssze\u00e1ll\u00edtott dosszi\u00e9 tartalma: beiratkoz\u00e1si \u0171rlap amelyr\u0151l a 121\/2023. sz\u00e1m\u00fa S\u00fcrg\u0151ss\u00e9gi Korm\u00e1nyrendelet VII. cikk\u00e9re utal\u00f3, az ut\u00f3lagosan m\u00f3dos\u00edtott \u00e9s kieg\u00e9sz\u00edtett 57\/2019. sz\u00e1m\u00fa S\u00fcrg\u0151ss\u00e9gi Korm\u00e1nyrendelet 10. Mell\u00e9klete 137. cikke b) pontja rendelkezik; szem\u00e9lyazonos\u00edt\u00f3 okm\u00e1ny m\u00e1solata; az illet\u00e9kes hat\u00f3s\u00e1gok \u00e1ltal kibocs\u00e1tott bizony\u00edt\u00f3&hellip;","og_url":"https:\/\/politialocalatargumures.ro\/hu\/szukseges-iratok\/","og_site_name":"Helyi Rend\u0151rs\u00e9g Marosv\u00e1s\u00e1rhely","article_modified_time":"2024-07-10T09:38:45+00:00","twitter_card":"summary_large_image","twitter_misc":{"Becs\u00fclt olvas\u00e1si id\u0151":"2 perc"},"schema":{"@context":"https:\/\/schema.org","@graph":[{"@type":"WebPage","@id":"https:\/\/politialocalatargumures.ro\/hu\/szukseges-iratok\/","url":"https:\/\/politialocalatargumures.ro\/hu\/szukseges-iratok\/","name":"Sz\u00fcks\u00e9ges iratok - Helyi Rend\u0151rs\u00e9g Marosv\u00e1s\u00e1rhely","isPartOf":{"@id":"https:\/\/politialocalatargumures.ro\/#website"},"datePublished":"2024-07-08T09:09:46+00:00","dateModified":"2024-07-10T09:38:45+00:00","breadcrumb":{"@id":"https:\/\/politialocalatargumures.ro\/hu\/szukseges-iratok\/#breadcrumb"},"inLanguage":"hu","potentialAction":[{"@type":"ReadAction","target":["https:\/\/politialocalatargumures.ro\/hu\/szukseges-iratok\/"]}]},{"@type":"BreadcrumbList","@id":"https:\/\/politialocalatargumures.ro\/hu\/szukseges-iratok\/#breadcrumb","itemListElement":[{"@type":"ListItem","position":1,"name":"Home","item":"https:\/\/politialocalatargumures.ro\/hu\/"},{"@type":"ListItem","position":2,"name":"Sz\u00fcks\u00e9ges iratok"}]},{"@type":"WebSite","@id":"https:\/\/politialocalatargumures.ro\/#website","url":"https:\/\/politialocalatargumures.ro\/","name":"Helyi Rend\u0151rs\u00e9g Marosv\u00e1s\u00e1rhely","description":"","potentialAction":[{"@type":"SearchAction","target":{"@type":"EntryPoint","urlTemplate":"https:\/\/politialocalatargumures.ro\/?s={search_term_string}"},"query-input":{"@type":"PropertyValueSpecification","valueRequired":true,"valueName":"search_term_string"}}],"inLanguage":"hu"}]}},"_links":{"self":[{"href":"https:\/\/politialocalatargumures.ro\/hu\/wp-json\/wp\/v2\/pages\/2192","targetHints":{"allow":["GET"]}}],"collection":[{"href":"https:\/\/politialocalatargumures.ro\/hu\/wp-json\/wp\/v2\/pages"}],"about":[{"href":"https:\/\/politialocalatargumures.ro\/hu\/wp-json\/wp\/v2\/types\/page"}],"author":[{"embeddable":true,"href":"https:\/\/politialocalatargumures.ro\/hu\/wp-json\/wp\/v2\/users\/2"}],"replies":[{"embeddable":true,"href":"https:\/\/politialocalatargumures.ro\/hu\/wp-json\/wp\/v2\/comments?post=2192"}],"version-history":[{"count":3,"href":"https:\/\/politialocalatargumures.ro\/hu\/wp-json\/wp\/v2\/pages\/2192\/revisions"}],"predecessor-version":[{"id":2200,"href":"https:\/\/politialocalatargumures.ro\/hu\/wp-json\/wp\/v2\/pages\/2192\/revisions\/2200"}],"wp:attachment":[{"href":"https:\/\/politialocalatargumures.ro\/hu\/wp-json\/wp\/v2\/media?parent=2192"}],"curies":[{"name":"wp","href":"https:\/\/api.w.org\/{rel}","templated":true}]}}