{"id":1943,"date":"2022-07-21T07:32:48","date_gmt":"2022-07-21T07:32:48","guid":{"rendered":"https:\/\/politialocalatargumures.ro\/contact\/"},"modified":"2024-01-14T11:20:35","modified_gmt":"2024-01-14T11:20:35","slug":"kapcsolat","status":"publish","type":"page","link":"https:\/\/politialocalatargumures.ro\/hu\/kapcsolat\/","title":{"rendered":"Kapcsolat"},"content":{"rendered":"\n<div class=\"wpcf7 no-js\" id=\"wpcf7-f1941-o1\" lang=\"ro-RO\" dir=\"ltr\" data-wpcf7-id=\"1941\">\n<div class=\"screen-reader-response\"><p role=\"status\" aria-live=\"polite\" aria-atomic=\"true\"><\/p> <ul><\/ul><\/div>\n<form action=\"\/hu\/wp-json\/wp\/v2\/pages\/1943#wpcf7-f1941-o1\" method=\"post\" class=\"wpcf7-form init\" aria-label=\"Formular de contact\" novalidate=\"novalidate\" data-status=\"init\">\n<div style=\"display: none;\">\n<input type=\"hidden\" name=\"_wpcf7\" value=\"1941\" \/>\n<input type=\"hidden\" name=\"_wpcf7_version\" value=\"6.0.5\" \/>\n<input type=\"hidden\" name=\"_wpcf7_locale\" value=\"ro_RO\" \/>\n<input type=\"hidden\" name=\"_wpcf7_unit_tag\" value=\"wpcf7-f1941-o1\" \/>\n<input type=\"hidden\" name=\"_wpcf7_container_post\" value=\"0\" \/>\n<input type=\"hidden\" name=\"_wpcf7_posted_data_hash\" value=\"\" \/>\n<input type=\"hidden\" name=\"_wpcf7_recaptcha_response\" value=\"\" \/>\n<\/div>\n<p><label> Teljes n\u00e9v<br \/>\n<span class=\"wpcf7-form-control-wrap\" data-name=\"your-name\"><input size=\"40\" maxlength=\"400\" class=\"wpcf7-form-control wpcf7-text wpcf7-validates-as-required\" aria-required=\"true\" aria-invalid=\"false\" value=\"\" type=\"text\" name=\"your-name\" \/><\/span> <\/label>\n<\/p>\n<p><label> E-mail c\u00edm<br \/>\n<span class=\"wpcf7-form-control-wrap\" data-name=\"your-email\"><input size=\"40\" maxlength=\"400\" class=\"wpcf7-form-control wpcf7-email wpcf7-validates-as-required wpcf7-text wpcf7-validates-as-email\" aria-required=\"true\" aria-invalid=\"false\" value=\"\" type=\"email\" name=\"your-email\" \/><\/span> <\/label>\n<\/p>\n<p><label> T\u00e9mak\u00f6r<br \/>\n<span class=\"wpcf7-form-control-wrap\" data-name=\"your-subject\"><input size=\"40\" maxlength=\"400\" class=\"wpcf7-form-control wpcf7-text wpcf7-validates-as-required\" aria-required=\"true\" aria-invalid=\"false\" value=\"\" type=\"text\" name=\"your-subject\" \/><\/span> <\/label>\n<\/p>\n<p><label> \u00dczenet<br \/>\n<span class=\"wpcf7-form-control-wrap\" data-name=\"your-message\"><textarea cols=\"40\" rows=\"10\" maxlength=\"2000\" class=\"wpcf7-form-control wpcf7-textarea wpcf7-validates-as-required\" aria-required=\"true\" aria-invalid=\"false\" name=\"your-message\"><\/textarea><\/span> <\/label>\n<\/p>\n<p><span class=\"wpcf7-form-control-wrap\" data-name=\"acceptance-933\"><span class=\"wpcf7-form-control wpcf7-acceptance\"><span class=\"wpcf7-list-item\"><label><input type=\"checkbox\" name=\"acceptance-933\" value=\"1\" aria-invalid=\"false\" \/><span class=\"wpcf7-list-item-label\">Ezen \u0171rlap kit\u00f6lt\u00e9s\u00e9vel \u00e9s elk\u00fcld\u00e9s\u00e9vel hozz\u00e1j\u00e1rul az adatainak az oldalon val\u00f3 kezel\u00e9s\u00e9hez \u00e9s t\u00e1rol\u00e1s\u00e1hoz a v\u00e1lasz \u00e9rdek\u00e9ben<\/span><\/label><\/span><\/span><\/span>\n<\/p>\n<p><input class=\"wpcf7-form-control wpcf7-submit has-spinner\" type=\"submit\" value=\"Elk\u00fcld\" \/>\n<\/p><div class=\"wpcf7-response-output\" aria-hidden=\"true\"><\/div>\n<\/form>\n<\/div>\n\n","protected":false},"excerpt":{"rendered":"<p>Teljes n\u00e9v E-mail c\u00edm T\u00e9mak\u00f6r \u00dczenet Ezen \u0171rlap kit\u00f6lt\u00e9s\u00e9vel \u00e9s elk\u00fcld\u00e9s\u00e9vel hozz\u00e1j\u00e1rul az adatainak az oldalon val\u00f3 kezel\u00e9s\u00e9hez \u00e9s t\u00e1rol\u00e1s\u00e1hoz a v\u00e1lasz \u00e9rdek\u00e9ben<\/p>\n","protected":false},"author":1,"featured_media":0,"parent":0,"menu_order":0,"comment_status":"closed","ping_status":"closed","template":"","meta":{"footnotes":""},"class_list":["post-1943","page","type-page","status-publish","hentry","description-off"],"yoast_head":"<!-- This site is optimized with the Yoast SEO plugin v24.7 - https:\/\/yoast.com\/wordpress\/plugins\/seo\/ -->\n<title>Kapcsolat - Helyi Rend\u0151rs\u00e9g Marosv\u00e1s\u00e1rhely<\/title>\n<meta name=\"robots\" content=\"index, follow, max-snippet:-1, max-image-preview:large, max-video-preview:-1\" \/>\n<link rel=\"canonical\" href=\"https:\/\/politialocalatargumures.ro\/hu\/kapcsolat\/\" \/>\n<meta property=\"og:locale\" content=\"hu_HU\" \/>\n<meta property=\"og:type\" content=\"article\" \/>\n<meta property=\"og:title\" content=\"Kapcsolat - Helyi Rend\u0151rs\u00e9g Marosv\u00e1s\u00e1rhely\" \/>\n<meta property=\"og:url\" content=\"https:\/\/politialocalatargumures.ro\/hu\/kapcsolat\/\" \/>\n<meta property=\"og:site_name\" content=\"Helyi Rend\u0151rs\u00e9g Marosv\u00e1s\u00e1rhely\" \/>\n<meta property=\"article:modified_time\" content=\"2024-01-14T11:20:35+00:00\" \/>\n<meta name=\"twitter:card\" content=\"summary_large_image\" \/>\n<meta name=\"twitter:label1\" content=\"Becs\u00fclt olvas\u00e1si id\u0151\" \/>\n\t<meta name=\"twitter:data1\" content=\"1 perc\" \/>\n<script type=\"application\/ld+json\" class=\"yoast-schema-graph\">{\"@context\":\"https:\/\/schema.org\",\"@graph\":[{\"@type\":\"WebPage\",\"@id\":\"https:\/\/politialocalatargumures.ro\/hu\/kapcsolat\/\",\"url\":\"https:\/\/politialocalatargumures.ro\/hu\/kapcsolat\/\",\"name\":\"Kapcsolat - Helyi Rend\u0151rs\u00e9g Marosv\u00e1s\u00e1rhely\",\"isPartOf\":{\"@id\":\"https:\/\/politialocalatargumures.ro\/#website\"},\"datePublished\":\"2022-07-21T07:32:48+00:00\",\"dateModified\":\"2024-01-14T11:20:35+00:00\",\"breadcrumb\":{\"@id\":\"https:\/\/politialocalatargumures.ro\/hu\/kapcsolat\/#breadcrumb\"},\"inLanguage\":\"hu\",\"potentialAction\":[{\"@type\":\"ReadAction\",\"target\":[\"https:\/\/politialocalatargumures.ro\/hu\/kapcsolat\/\"]}]},{\"@type\":\"BreadcrumbList\",\"@id\":\"https:\/\/politialocalatargumures.ro\/hu\/kapcsolat\/#breadcrumb\",\"itemListElement\":[{\"@type\":\"ListItem\",\"position\":1,\"name\":\"Home\",\"item\":\"https:\/\/politialocalatargumures.ro\/hu\/\"},{\"@type\":\"ListItem\",\"position\":2,\"name\":\"Kapcsolat\"}]},{\"@type\":\"WebSite\",\"@id\":\"https:\/\/politialocalatargumures.ro\/#website\",\"url\":\"https:\/\/politialocalatargumures.ro\/\",\"name\":\"Helyi Rend\u0151rs\u00e9g Marosv\u00e1s\u00e1rhely\",\"description\":\"\",\"potentialAction\":[{\"@type\":\"SearchAction\",\"target\":{\"@type\":\"EntryPoint\",\"urlTemplate\":\"https:\/\/politialocalatargumures.ro\/?s={search_term_string}\"},\"query-input\":{\"@type\":\"PropertyValueSpecification\",\"valueRequired\":true,\"valueName\":\"search_term_string\"}}],\"inLanguage\":\"hu\"}]}<\/script>\n<!-- \/ Yoast SEO plugin. -->","yoast_head_json":{"title":"Kapcsolat - Helyi Rend\u0151rs\u00e9g Marosv\u00e1s\u00e1rhely","robots":{"index":"index","follow":"follow","max-snippet":"max-snippet:-1","max-image-preview":"max-image-preview:large","max-video-preview":"max-video-preview:-1"},"canonical":"https:\/\/politialocalatargumures.ro\/hu\/kapcsolat\/","og_locale":"hu_HU","og_type":"article","og_title":"Kapcsolat - Helyi Rend\u0151rs\u00e9g Marosv\u00e1s\u00e1rhely","og_url":"https:\/\/politialocalatargumures.ro\/hu\/kapcsolat\/","og_site_name":"Helyi Rend\u0151rs\u00e9g Marosv\u00e1s\u00e1rhely","article_modified_time":"2024-01-14T11:20:35+00:00","twitter_card":"summary_large_image","twitter_misc":{"Becs\u00fclt olvas\u00e1si id\u0151":"1 perc"},"schema":{"@context":"https:\/\/schema.org","@graph":[{"@type":"WebPage","@id":"https:\/\/politialocalatargumures.ro\/hu\/kapcsolat\/","url":"https:\/\/politialocalatargumures.ro\/hu\/kapcsolat\/","name":"Kapcsolat - Helyi Rend\u0151rs\u00e9g Marosv\u00e1s\u00e1rhely","isPartOf":{"@id":"https:\/\/politialocalatargumures.ro\/#website"},"datePublished":"2022-07-21T07:32:48+00:00","dateModified":"2024-01-14T11:20:35+00:00","breadcrumb":{"@id":"https:\/\/politialocalatargumures.ro\/hu\/kapcsolat\/#breadcrumb"},"inLanguage":"hu","potentialAction":[{"@type":"ReadAction","target":["https:\/\/politialocalatargumures.ro\/hu\/kapcsolat\/"]}]},{"@type":"BreadcrumbList","@id":"https:\/\/politialocalatargumures.ro\/hu\/kapcsolat\/#breadcrumb","itemListElement":[{"@type":"ListItem","position":1,"name":"Home","item":"https:\/\/politialocalatargumures.ro\/hu\/"},{"@type":"ListItem","position":2,"name":"Kapcsolat"}]},{"@type":"WebSite","@id":"https:\/\/politialocalatargumures.ro\/#website","url":"https:\/\/politialocalatargumures.ro\/","name":"Helyi Rend\u0151rs\u00e9g Marosv\u00e1s\u00e1rhely","description":"","potentialAction":[{"@type":"SearchAction","target":{"@type":"EntryPoint","urlTemplate":"https:\/\/politialocalatargumures.ro\/?s={search_term_string}"},"query-input":{"@type":"PropertyValueSpecification","valueRequired":true,"valueName":"search_term_string"}}],"inLanguage":"hu"}]}},"_links":{"self":[{"href":"https:\/\/politialocalatargumures.ro\/hu\/wp-json\/wp\/v2\/pages\/1943","targetHints":{"allow":["GET"]}}],"collection":[{"href":"https:\/\/politialocalatargumures.ro\/hu\/wp-json\/wp\/v2\/pages"}],"about":[{"href":"https:\/\/politialocalatargumures.ro\/hu\/wp-json\/wp\/v2\/types\/page"}],"author":[{"embeddable":true,"href":"https:\/\/politialocalatargumures.ro\/hu\/wp-json\/wp\/v2\/users\/1"}],"replies":[{"embeddable":true,"href":"https:\/\/politialocalatargumures.ro\/hu\/wp-json\/wp\/v2\/comments?post=1943"}],"version-history":[{"count":1,"href":"https:\/\/politialocalatargumures.ro\/hu\/wp-json\/wp\/v2\/pages\/1943\/revisions"}],"predecessor-version":[{"id":1944,"href":"https:\/\/politialocalatargumures.ro\/hu\/wp-json\/wp\/v2\/pages\/1943\/revisions\/1944"}],"wp:attachment":[{"href":"https:\/\/politialocalatargumures.ro\/hu\/wp-json\/wp\/v2\/media?parent=1943"}],"curies":[{"name":"wp","href":"https:\/\/api.w.org\/{rel}","templated":true}]}}